{"id":11873,"date":"2023-06-07T22:12:18","date_gmt":"2023-06-07T22:12:20","guid":{"rendered":"https:\/\/www.menutmon.com\/?post_type=product&#038;p=11873"},"modified":"2023-06-07T22:22:39","modified_gmt":"2023-06-07T22:22:39","slug":"flower-shop-facade-kit","status":"publish","type":"product","link":"https:\/\/www.menutmon.com\/en\/producto\/flower-shop-facade-kit\/","title":{"rendered":"Flower shop facade kit"},"content":{"rendered":"<p>Flower shop fa\u00e7ade kit consisting of the fa\u00e7ade with its columns and mouldings, window glass, the door with its glass and handles, the signs and the lantern.<\/p>\n<p>The moldings on the fa\u00e7ade, the lantern, the door handles and the capitals of the columns are made with 3D printing in resin..<\/p>\n<p>Measurements: Width: 40.4 cm (15.91 in), Depth: 7.6 cm (2.99 in), Height: 29.6 cm (11.65 in)<\/p>\n<p>This product is presented as a KIT, for you to paint and assemble. You just have to follow the instructions that accompany the product.<\/p>\n<p>The Flower Shop Facade Kit is a dollhouse product.<\/p>\n<p>Decoration elements are not included.<\/p>\n<p>If you want we can engrave another name for the window of your store. To do this you must select the option: &#8220;Record another name&#8221;. This option has an additional cost.<\/p>\n<p>Or if you do not want the name to appear on the street signs, and &#8220;flowers&#8221; on the window glass, you must select the option: &#8220;Without engraving name&#8221;.<\/p>\n<p>By default, the option &#8220;Uncustomized&#8221; is selected. So the kit will go as you see it in the photographs.<\/p>\n<p>1:12 scale.<\/p>\n<p>NOTE: IF YOU DETECT THAT WHEN SELECTING MULTIPLE PRODUCTS THE SYSTEM MISCUTS THE SHIPPING COSTS, PLEASE CONTACT US.<\/p>\n","protected":false},"excerpt":{"rendered":"<p>Measurements: Width: 40.4 cm (15.91 in), Depth: 7.6 cm (2.99 in), Height: 29.6 cm (11.65 in)<\/p>\n<p>If you want we can engrave another name for the window of your store. To do this you must select the option: &#8220;Record another name&#8221;. This option has an additional cost.<\/p>\n<p>Or if you do not want the name to appear on the street signs, and &#8220;flowers&#8221; on the window glass, you must select the option: &#8220;Without engraving name&#8221;.<\/p>\n<p>By default, the option &#8220;Uncustomized&#8221; is selected. So the kit will go as you see it in the photographs.<\/p>\n<p>1:12 scale<\/p>\n","protected":false},"featured_media":11878,"comment_status":"open","ping_status":"closed","template":"","meta":[],"product_brand":[611],"product_cat":[398,779],"product_tag":[],"class_list":{"0":"post-11873","1":"product","2":"type-product","3":"status-publish","4":"has-post-thumbnail","6":"product_brand-menutmon-kits-en","7":"product_cat-scenes_1_12_scale","8":"product_cat-soap_shop","10":"first","11":"instock","12":"taxable","13":"shipping-taxable","14":"purchasable","15":"product-type-variable","16":"has-default-attributes"},"yoast_head":"<!-- This site is optimized with the Yoast SEO plugin v27.1.1 - https:\/\/yoast.com\/product\/yoast-seo-wordpress\/ -->\n<title>Flower shop facade kit<\/title>\n<meta name=\"description\" content=\"Flower shop fa\u00e7ade kit is the exterior fa\u00e7ade and shop window, with moldings on the fa\u00e7ade, column capitals, lantern, door.\" \/>\n<meta name=\"robots\" content=\"index, follow, max-snippet:-1, max-image-preview:large, max-video-preview:-1\" \/>\n<link rel=\"canonical\" href=\"https:\/\/www.menutmon.com\/en\/producto\/flower-shop-facade-kit\/\" \/>\n<meta property=\"og:locale\" content=\"en_US\" \/>\n<meta property=\"og:type\" content=\"article\" \/>\n<meta property=\"og:title\" content=\"Flower shop facade kit\" \/>\n<meta property=\"og:description\" content=\"Flower shop fa\u00e7ade kit is the exterior fa\u00e7ade and shop window, with moldings on the fa\u00e7ade, column capitals, lantern, door.\" \/>\n<meta property=\"og:url\" content=\"https:\/\/www.menutmon.com\/en\/producto\/flower-shop-facade-kit\/\" \/>\n<meta property=\"og:site_name\" content=\"Menutmon Miniatures\" \/>\n<meta property=\"article:publisher\" content=\"https:\/\/www.facebook.com\/menutmon.miniaturas\" \/>\n<meta property=\"article:modified_time\" content=\"2023-06-07T22:22:39+00:00\" \/>\n<meta property=\"og:image\" content=\"https:\/\/www.menutmon.com\/wp-content\/uploads\/2023\/06\/tienda_flores.jpg\" \/>\n\t<meta property=\"og:image:width\" content=\"810\" \/>\n\t<meta property=\"og:image:height\" content=\"1080\" \/>\n\t<meta property=\"og:image:type\" content=\"image\/jpeg\" \/>\n<meta name=\"twitter:card\" content=\"summary_large_image\" \/>\n<meta name=\"twitter:label1\" content=\"Est. reading time\" \/>\n\t<meta name=\"twitter:data1\" content=\"1 minute\" \/>\n<script type=\"application\/ld+json\" class=\"yoast-schema-graph\">{\"@context\":\"https:\/\/schema.org\",\"@graph\":[{\"@type\":\"WebPage\",\"@id\":\"https:\/\/www.menutmon.com\/en\/producto\/flower-shop-facade-kit\/\",\"url\":\"https:\/\/www.menutmon.com\/en\/producto\/flower-shop-facade-kit\/\",\"name\":\"Flower shop facade kit\",\"isPartOf\":{\"@id\":\"https:\/\/www.menutmon.com\/en\/#website\"},\"primaryImageOfPage\":{\"@id\":\"https:\/\/www.menutmon.com\/en\/producto\/flower-shop-facade-kit\/#primaryimage\"},\"image\":{\"@id\":\"https:\/\/www.menutmon.com\/en\/producto\/flower-shop-facade-kit\/#primaryimage\"},\"thumbnailUrl\":\"https:\/\/www.menutmon.com\/wp-content\/uploads\/2023\/06\/tienda_flores.jpg\",\"datePublished\":\"2023-06-07T22:12:20+00:00\",\"dateModified\":\"2023-06-07T22:22:39+00:00\",\"description\":\"Flower shop fa\u00e7ade kit is the exterior fa\u00e7ade and shop window, with moldings on the fa\u00e7ade, column capitals, lantern, door.\",\"breadcrumb\":{\"@id\":\"https:\/\/www.menutmon.com\/en\/producto\/flower-shop-facade-kit\/#breadcrumb\"},\"inLanguage\":\"en-US\",\"potentialAction\":[{\"@type\":\"ReadAction\",\"target\":[\"https:\/\/www.menutmon.com\/en\/producto\/flower-shop-facade-kit\/\"]}]},{\"@type\":\"ImageObject\",\"inLanguage\":\"en-US\",\"@id\":\"https:\/\/www.menutmon.com\/en\/producto\/flower-shop-facade-kit\/#primaryimage\",\"url\":\"https:\/\/www.menutmon.com\/wp-content\/uploads\/2023\/06\/tienda_flores.jpg\",\"contentUrl\":\"https:\/\/www.menutmon.com\/wp-content\/uploads\/2023\/06\/tienda_flores.jpg\",\"width\":810,\"height\":1080,\"caption\":\"Kit escaparate tienda de flores\"},{\"@type\":\"BreadcrumbList\",\"@id\":\"https:\/\/www.menutmon.com\/en\/producto\/flower-shop-facade-kit\/#breadcrumb\",\"itemListElement\":[{\"@type\":\"ListItem\",\"position\":1,\"name\":\"Portada\",\"item\":\"https:\/\/www.menutmon.com\/en\/\"},{\"@type\":\"ListItem\",\"position\":2,\"name\":\"Tienda\",\"item\":\"https:\/\/www.menutmon.com\/tienda\/\"},{\"@type\":\"ListItem\",\"position\":3,\"name\":\"Scenes Kits\",\"item\":\"https:\/\/www.menutmon.com\/en\/categoria-producto\/scenes_1_12_scale\/\"},{\"@type\":\"ListItem\",\"position\":4,\"name\":\"Flower shop facade kit\"}]},{\"@type\":\"WebSite\",\"@id\":\"https:\/\/www.menutmon.com\/en\/#website\",\"url\":\"https:\/\/www.menutmon.com\/en\/\",\"name\":\"Menutmon Miniaturas para casa de mu\u00f1ecas\",\"description\":\"Dollhouse kits and miniatures.\",\"publisher\":{\"@id\":\"https:\/\/www.menutmon.com\/en\/#organization\"},\"alternateName\":\"Menutmon Miniaturas a escala 1\/12\",\"potentialAction\":[{\"@type\":\"SearchAction\",\"target\":{\"@type\":\"EntryPoint\",\"urlTemplate\":\"https:\/\/www.menutmon.com\/en\/?s={search_term_string}\"},\"query-input\":{\"@type\":\"PropertyValueSpecification\",\"valueRequired\":true,\"valueName\":\"search_term_string\"}}],\"inLanguage\":\"en-US\"},{\"@type\":\"Organization\",\"@id\":\"https:\/\/www.menutmon.com\/en\/#organization\",\"name\":\"Menutmon Miniaturas\",\"url\":\"https:\/\/www.menutmon.com\/en\/\",\"logo\":{\"@type\":\"ImageObject\",\"inLanguage\":\"en-US\",\"@id\":\"https:\/\/www.menutmon.com\/en\/#\/schema\/logo\/image\/\",\"url\":\"https:\/\/www.menutmon.com\/wp-content\/uploads\/2020\/09\/logo_kits.png\",\"contentUrl\":\"https:\/\/www.menutmon.com\/wp-content\/uploads\/2020\/09\/logo_kits.png\",\"width\":122,\"height\":32,\"caption\":\"Menutmon Miniaturas\"},\"image\":{\"@id\":\"https:\/\/www.menutmon.com\/en\/#\/schema\/logo\/image\/\"},\"sameAs\":[\"https:\/\/www.facebook.com\/menutmon.miniaturas\",\"https:\/\/www.instagram.com\/menutmon\/\",\"https:\/\/www.pinterest.es\/menutmon\"]}]}<\/script>\n<!-- \/ Yoast SEO plugin. -->","yoast_head_json":{"title":"Flower shop facade kit","description":"Flower shop fa\u00e7ade kit is the exterior fa\u00e7ade and shop window, with moldings on the fa\u00e7ade, column capitals, lantern, door.","robots":{"index":"index","follow":"follow","max-snippet":"max-snippet:-1","max-image-preview":"max-image-preview:large","max-video-preview":"max-video-preview:-1"},"canonical":"https:\/\/www.menutmon.com\/en\/producto\/flower-shop-facade-kit\/","og_locale":"en_US","og_type":"article","og_title":"Flower shop facade kit","og_description":"Flower shop fa\u00e7ade kit is the exterior fa\u00e7ade and shop window, with moldings on the fa\u00e7ade, column capitals, lantern, door.","og_url":"https:\/\/www.menutmon.com\/en\/producto\/flower-shop-facade-kit\/","og_site_name":"Menutmon Miniatures","article_publisher":"https:\/\/www.facebook.com\/menutmon.miniaturas","article_modified_time":"2023-06-07T22:22:39+00:00","og_image":[{"width":810,"height":1080,"url":"https:\/\/www.menutmon.com\/wp-content\/uploads\/2023\/06\/tienda_flores.jpg","type":"image\/jpeg"}],"twitter_card":"summary_large_image","twitter_misc":{"Est. reading time":"1 minute"},"schema":{"@context":"https:\/\/schema.org","@graph":[{"@type":"WebPage","@id":"https:\/\/www.menutmon.com\/en\/producto\/flower-shop-facade-kit\/","url":"https:\/\/www.menutmon.com\/en\/producto\/flower-shop-facade-kit\/","name":"Flower shop facade kit","isPartOf":{"@id":"https:\/\/www.menutmon.com\/en\/#website"},"primaryImageOfPage":{"@id":"https:\/\/www.menutmon.com\/en\/producto\/flower-shop-facade-kit\/#primaryimage"},"image":{"@id":"https:\/\/www.menutmon.com\/en\/producto\/flower-shop-facade-kit\/#primaryimage"},"thumbnailUrl":"https:\/\/www.menutmon.com\/wp-content\/uploads\/2023\/06\/tienda_flores.jpg","datePublished":"2023-06-07T22:12:20+00:00","dateModified":"2023-06-07T22:22:39+00:00","description":"Flower shop fa\u00e7ade kit is the exterior fa\u00e7ade and shop window, with moldings on the fa\u00e7ade, column capitals, lantern, door.","breadcrumb":{"@id":"https:\/\/www.menutmon.com\/en\/producto\/flower-shop-facade-kit\/#breadcrumb"},"inLanguage":"en-US","potentialAction":[{"@type":"ReadAction","target":["https:\/\/www.menutmon.com\/en\/producto\/flower-shop-facade-kit\/"]}]},{"@type":"ImageObject","inLanguage":"en-US","@id":"https:\/\/www.menutmon.com\/en\/producto\/flower-shop-facade-kit\/#primaryimage","url":"https:\/\/www.menutmon.com\/wp-content\/uploads\/2023\/06\/tienda_flores.jpg","contentUrl":"https:\/\/www.menutmon.com\/wp-content\/uploads\/2023\/06\/tienda_flores.jpg","width":810,"height":1080,"caption":"Kit escaparate tienda de flores"},{"@type":"BreadcrumbList","@id":"https:\/\/www.menutmon.com\/en\/producto\/flower-shop-facade-kit\/#breadcrumb","itemListElement":[{"@type":"ListItem","position":1,"name":"Portada","item":"https:\/\/www.menutmon.com\/en\/"},{"@type":"ListItem","position":2,"name":"Tienda","item":"https:\/\/www.menutmon.com\/tienda\/"},{"@type":"ListItem","position":3,"name":"Scenes Kits","item":"https:\/\/www.menutmon.com\/en\/categoria-producto\/scenes_1_12_scale\/"},{"@type":"ListItem","position":4,"name":"Flower shop facade kit"}]},{"@type":"WebSite","@id":"https:\/\/www.menutmon.com\/en\/#website","url":"https:\/\/www.menutmon.com\/en\/","name":"Menutmon Miniaturas para casa de mu\u00f1ecas","description":"Dollhouse kits and miniatures.","publisher":{"@id":"https:\/\/www.menutmon.com\/en\/#organization"},"alternateName":"Menutmon Miniaturas a escala 1\/12","potentialAction":[{"@type":"SearchAction","target":{"@type":"EntryPoint","urlTemplate":"https:\/\/www.menutmon.com\/en\/?s={search_term_string}"},"query-input":{"@type":"PropertyValueSpecification","valueRequired":true,"valueName":"search_term_string"}}],"inLanguage":"en-US"},{"@type":"Organization","@id":"https:\/\/www.menutmon.com\/en\/#organization","name":"Menutmon Miniaturas","url":"https:\/\/www.menutmon.com\/en\/","logo":{"@type":"ImageObject","inLanguage":"en-US","@id":"https:\/\/www.menutmon.com\/en\/#\/schema\/logo\/image\/","url":"https:\/\/www.menutmon.com\/wp-content\/uploads\/2020\/09\/logo_kits.png","contentUrl":"https:\/\/www.menutmon.com\/wp-content\/uploads\/2020\/09\/logo_kits.png","width":122,"height":32,"caption":"Menutmon Miniaturas"},"image":{"@id":"https:\/\/www.menutmon.com\/en\/#\/schema\/logo\/image\/"},"sameAs":["https:\/\/www.facebook.com\/menutmon.miniaturas","https:\/\/www.instagram.com\/menutmon\/","https:\/\/www.pinterest.es\/menutmon"]}]}},"jetpack_sharing_enabled":true,"_links":{"self":[{"href":"https:\/\/www.menutmon.com\/en\/wp-json\/wp\/v2\/product\/11873","targetHints":{"allow":["GET"]}}],"collection":[{"href":"https:\/\/www.menutmon.com\/en\/wp-json\/wp\/v2\/product"}],"about":[{"href":"https:\/\/www.menutmon.com\/en\/wp-json\/wp\/v2\/types\/product"}],"replies":[{"embeddable":true,"href":"https:\/\/www.menutmon.com\/en\/wp-json\/wp\/v2\/comments?post=11873"}],"wp:featuredmedia":[{"embeddable":true,"href":"https:\/\/www.menutmon.com\/en\/wp-json\/wp\/v2\/media\/11878"}],"wp:attachment":[{"href":"https:\/\/www.menutmon.com\/en\/wp-json\/wp\/v2\/media?parent=11873"}],"wp:term":[{"taxonomy":"product_brand","embeddable":true,"href":"https:\/\/www.menutmon.com\/en\/wp-json\/wp\/v2\/product_brand?post=11873"},{"taxonomy":"product_cat","embeddable":true,"href":"https:\/\/www.menutmon.com\/en\/wp-json\/wp\/v2\/product_cat?post=11873"},{"taxonomy":"product_tag","embeddable":true,"href":"https:\/\/www.menutmon.com\/en\/wp-json\/wp\/v2\/product_tag?post=11873"}],"curies":[{"name":"wp","href":"https:\/\/api.w.org\/{rel}","templated":true}]}}